{"id":333,"date":"2024-02-08T15:41:22","date_gmt":"2024-02-08T14:41:22","guid":{"rendered":"https:\/\/mpc-iso.com\/content\/?page_id=333"},"modified":"2024-05-31T09:11:32","modified_gmt":"2024-05-31T07:11:32","slug":"vision-statement","status":"publish","type":"page","link":"https:\/\/mpc-iso.com\/content\/de\/vision-statement\/","title":{"rendered":"Vision statement"},"content":{"rendered":"\n<div id=\"section-gff5954\" class=\"wp-block-gutentor-e6 section-gff5954 gutentor-element gutentor-element-image\"><div class=\"gutentor-element-image-box\"><div class=\"gutentor-bg-image\"><\/div><\/div><\/div>\n\n\n\n<section id=\"gm20042bc\" class=\"wp-block-gutentor-m4 section-gm20042bc gutentor-module gutentor-advanced-columns has-color-bg has-custom-bg\"><div class=\"grid-container\"><div class=\"grid-row\">\n<div id=\"col-gm660967\" class=\"wp-block-gutentor-m4-col col-gm660967 gutentor-single-column  grid-lg-6 grid-md-12 grid-12 wow slideInLeft\" data-wow-animation=\"slideInLeft\" data-wow-iteration=\"1\"><div id=\"section-gm660967\" class=\"section-gm660967 gutentor-col-wrap\">\n<div id=\"section-g9455b2\" class=\"wp-block-gutentor-e1 section-g9455b2 gutentor-element gutentor-element-advanced-text\"><div class=\"gutentor-text-wrap\"><h2 class=\"gutentor-text\">Unsere Vision<\/h2><\/div><\/div>\n\n\n\n<div id=\"section-g5e0bdc\" class=\"wp-block-gutentor-e1 section-g5e0bdc gutentor-element gutentor-element-advanced-text\"><div class=\"gutentor-text-wrap\"><p class=\"gutentor-text\">ist es, als vertrauensw\u00fcrdiger Partner bei der \u00dcberbr\u00fcckung der bekannten Markteintrittsbarrieren im Ausland zu fungieren, auf die deutsche Unternehmen beim Eintritt in den US-Markt f\u00fcr Industrieisolierungen sto\u00dfen k\u00f6nnen.<br><br>Unser Ziel ist es, unsere Kunden mit dem Wissen und den Verbindungen, die wir bereits aufgebaut haben, zu unterst\u00fctzen und gemeinsam Strategien zu entwickeln, die diese Unternehmen f\u00fcr einen erfolgreichen Einstieg in den US-amerikanischen Industrieisolierungssektor ben\u00f6tigen.<\/p><\/div><\/div>\n<\/div><\/div>\n\n\n\n<div id=\"col-gm57d52b\" class=\"wp-block-gutentor-m4-col col-gm57d52b gutentor-single-column  grid-lg-6 grid-md-12 grid-12 wow slideInRight\" data-wow-animation=\"slideInRight\" data-wow-iteration=\"1\"><div id=\"section-gm57d52b\" class=\"section-gm57d52b gutentor-col-wrap\">\n<div id=\"section-g1c2108\" class=\"wp-block-gutentor-e1 section-g1c2108 gutentor-element gutentor-element-advanced-text\"><div class=\"gutentor-text-wrap\"><h2 class=\"gutentor-text\">Innovation und Kompetenz<\/h2><\/div><\/div>\n\n\n\n<div id=\"section-g43605b\" class=\"wp-block-gutentor-e1 section-g43605b gutentor-element gutentor-element-advanced-text\"><div class=\"gutentor-text-wrap\"><p class=\"gutentor-text\">Durch Innovation und Fachwissen streben wir danach, nachhaltiges Wachstum f\u00fcr unsere Kunden voranzutreiben und gleichzeitig eine st\u00e4rkere, energieeffiziente und umweltbewusste Industrielandschaft in beiden L\u00e4ndern zu f\u00f6rdern.<\/p><\/div><\/div>\n<\/div><\/div>\n<\/div><\/div><\/section>\n\n\n\n<section id=\"gm0cd4141\" class=\"wp-block-gutentor-m4 section-gm0cd4141 gutentor-module gutentor-advanced-columns has-image-bg has-custom-bg has-gutentor-overlay\"><div class=\"grid-container\"><div class=\"grid-row\">\n<div id=\"col-gm476e90\" class=\"wp-block-gutentor-m4-col col-gm476e90 gutentor-single-column  grid-lg-7 grid-md-12 grid-12\"><div id=\"section-gm476e90\" class=\"section-gm476e90 gutentor-col-wrap\">\n<div id=\"section-g544db7\" class=\"wp-block-gutentor-e1 section-g544db7 gutentor-element gutentor-element-advanced-text gutentor-width-enabled wow slideInDown enable-title-design\" data-wow-animation=\"slideInDown\"><div class=\"gutentor-text-wrap divider-bottom\"><h2 class=\"gutentor-text\">Unsere Kunden<\/h2><div class=\"gutentor-separator gutentor-separator-after border-solid\"><\/div><\/div><\/div>\n\n\n\n<div id=\"section-g50834c\" class=\"wp-block-gutentor-e1 section-g50834c gutentor-element gutentor-element-advanced-text\"><div class=\"gutentor-text-wrap\"><p class=\"gutentor-text\">profitieren stark von unserer langj\u00e4hrigen Erfahrung und unserem Netzwerk im US-Markt. Unser Ziel ist es, zeit- und kapitalsparende L\u00f6sungen bereitzustellen, um deutsche und\/oder europ\u00e4ische Unternehmen beim Eintritt in den US-Markt f\u00fcr Industrieisolierungen zu unterst\u00fctzen.<\/p><\/div><\/div>\n<\/div><\/div>\n\n\n\n<div id=\"col-gm7c5976\" class=\"wp-block-gutentor-m4-col col-gm7c5976 gutentor-single-column  grid-lg-5 grid-md-12 grid-12 wow slideInRight\" data-wow-animation=\"slideInRight\" data-wow-iteration=\"1\"><div id=\"section-gm7c5976\" class=\"section-gm7c5976 gutentor-col-wrap has-color-bg has-custom-bg\">\n<div id=\"section-g04eca1\" class=\"wp-block-gutentor-e1 section-g04eca1 gutentor-element gutentor-element-advanced-text\"><div class=\"gutentor-text-wrap\"><h3 class=\"gutentor-text\">Unsere Mission<\/h3><\/div><\/div>\n\n\n\n<div id=\"section-gebb084\" class=\"wp-block-gutentor-e1 section-gebb084 gutentor-element gutentor-element-advanced-text\"><div class=\"gutentor-text-wrap\"><p class=\"gutentor-text\">ist es, deutsche und europ\u00e4ische Unternehmen im Bereich der industriellen Isolierung in die Lage zu versetzen, erfolgreich in den dynamischen US-amerikanischen Markt einzudringen und dort erfolgreich zu sein. Dies erreichen wir durch fachkundige Beratung, ma\u00dfgeschneiderte Strategien und beispiellose Markteinblicke. Unser Ziel ist es, der Katalysator f\u00fcr das Wachstum unserer Kunden zu sein und nachhaltige Expansion und langfristigen Erfolg sicherzustellen.<\/p><\/div><\/div>\n<\/div><\/div>\n<\/div><\/div><\/section>\n","protected":false},"excerpt":{"rendered":"","protected":false},"author":1,"featured_media":0,"parent":0,"menu_order":0,"comment_status":"closed","ping_status":"closed","template":"template-gutentor-full-width.php","meta":{"footnotes":""},"class_list":["post-333","page","type-page","status-publish","hentry"],"_links":{"self":[{"href":"https:\/\/mpc-iso.com\/content\/wp-json\/wp\/v2\/pages\/333","targetHints":{"allow":["GET"]}}],"collection":[{"href":"https:\/\/mpc-iso.com\/content\/wp-json\/wp\/v2\/pages"}],"about":[{"href":"https:\/\/mpc-iso.com\/content\/wp-json\/wp\/v2\/types\/page"}],"author":[{"embeddable":true,"href":"https:\/\/mpc-iso.com\/content\/wp-json\/wp\/v2\/users\/1"}],"replies":[{"embeddable":true,"href":"https:\/\/mpc-iso.com\/content\/wp-json\/wp\/v2\/comments?post=333"}],"version-history":[{"count":7,"href":"https:\/\/mpc-iso.com\/content\/wp-json\/wp\/v2\/pages\/333\/revisions"}],"predecessor-version":[{"id":462,"href":"https:\/\/mpc-iso.com\/content\/wp-json\/wp\/v2\/pages\/333\/revisions\/462"}],"wp:attachment":[{"href":"https:\/\/mpc-iso.com\/content\/wp-json\/wp\/v2\/media?parent=333"}],"curies":[{"name":"wp","href":"https:\/\/api.w.org\/{rel}","templated":true}]}}