{"id":330,"date":"2024-02-08T15:38:50","date_gmt":"2024-02-08T14:38:50","guid":{"rendered":"https:\/\/mpc-iso.com\/content\/?page_id=330"},"modified":"2024-05-31T09:09:50","modified_gmt":"2024-05-31T07:09:50","slug":"ueber-uns","status":"publish","type":"page","link":"https:\/\/mpc-iso.com\/content\/de\/ueber-uns\/","title":{"rendered":"Profil"},"content":{"rendered":"\n<div id=\"section-g956ab8\" class=\"wp-block-gutentor-e6 section-g956ab8 gutentor-element gutentor-element-image\"><div class=\"gutentor-element-image-box\"><div class=\"gutentor-bg-image\"><\/div><\/div><\/div>\n\n\n\n<section id=\"gm5045612\" class=\"wp-block-gutentor-m4 section-gm5045612 gutentor-module gutentor-advanced-columns has-image-bg has-custom-bg has-gutentor-overlay\"><div class=\"grid-container\"><div class=\"grid-row\">\n<div id=\"col-gm609769\" class=\"wp-block-gutentor-m4-col col-gm609769 gutentor-single-column  grid-lg-7 grid-md-12 grid-12\"><div id=\"section-gm609769\" class=\"section-gm609769 gutentor-col-wrap\">\n<div id=\"section-g632375\" class=\"wp-block-gutentor-e1 section-g632375 gutentor-element gutentor-element-advanced-text gutentor-width-enabled wow slideInDown enable-title-design\" data-wow-animation=\"slideInDown\"><div class=\"gutentor-text-wrap divider-bottom\"><h2 class=\"gutentor-text\">\u00dcber uns<\/h2><div class=\"gutentor-separator gutentor-separator-after border-solid\"><\/div><\/div><\/div>\n\n\n\n<div id=\"section-g958e5c\" class=\"wp-block-gutentor-e0 section-g958e5c gutentor-element gutentor-element-advanced-text\"><div class=\"gutentor-text-wrap\"><p class=\"gutentor-text\">MPC iso ist ein Beratungsunternehmen, das sich darauf spezialisiert hat, den Einstieg und die Etablierung deutscher Industrie-Isolierer auf dem US-amerikanischen Markt zu erleichtern.<br><br>Die MPC iso GmbH Deutschland ist <strong>seit \u00fcber 35 Jahren<\/strong> im Bereich der industriellen Isolierung (Hitze-, K\u00e4lte- und Schallschutz) t\u00e4tig.<br><\/p><\/div><\/div>\n<\/div><\/div>\n\n\n\n<div id=\"col-gmca8fc0\" class=\"wp-block-gutentor-m4-col col-gmca8fc0 gutentor-single-column  grid-lg-5 grid-md-12 grid-12 wow slideInRight\" data-wow-animation=\"slideInRight\" data-wow-iteration=\"1\"><div id=\"section-gmca8fc0\" class=\"section-gmca8fc0 gutentor-col-wrap has-color-bg has-custom-bg\">\n<div id=\"section-g1db8d5\" class=\"wp-block-gutentor-e1 section-g1db8d5 gutentor-element gutentor-element-advanced-text\"><div class=\"gutentor-text-wrap\"><h3 class=\"gutentor-text\"><strong>MPC iso USA, Inc. <\/strong><\/h3><\/div><\/div>\n\n\n\n<div id=\"section-g0d20cd\" class=\"wp-block-gutentor-e1 section-g0d20cd gutentor-element gutentor-element-advanced-text\"><div class=\"gutentor-text-wrap\"><p class=\"gutentor-text\">Mit fast 40 Jahren Erfahrung in der industriellen Isolierung in \u00fcber 33 L\u00e4ndern, darunter den Vereinigten Staaten von Amerika, gr\u00fcndete Markus Pfeiffer bereits 2012 eine Tochtergesellschaft, die heutige MPC iso USA, Inc.<\/p><\/div><\/div>\n<\/div><\/div>\n<\/div><\/div><\/section>\n","protected":false},"excerpt":{"rendered":"","protected":false},"author":1,"featured_media":0,"parent":0,"menu_order":0,"comment_status":"closed","ping_status":"closed","template":"template-gutentor-full-width.php","meta":{"footnotes":""},"class_list":["post-330","page","type-page","status-publish","hentry"],"_links":{"self":[{"href":"https:\/\/mpc-iso.com\/content\/wp-json\/wp\/v2\/pages\/330","targetHints":{"allow":["GET"]}}],"collection":[{"href":"https:\/\/mpc-iso.com\/content\/wp-json\/wp\/v2\/pages"}],"about":[{"href":"https:\/\/mpc-iso.com\/content\/wp-json\/wp\/v2\/types\/page"}],"author":[{"embeddable":true,"href":"https:\/\/mpc-iso.com\/content\/wp-json\/wp\/v2\/users\/1"}],"replies":[{"embeddable":true,"href":"https:\/\/mpc-iso.com\/content\/wp-json\/wp\/v2\/comments?post=330"}],"version-history":[{"count":9,"href":"https:\/\/mpc-iso.com\/content\/wp-json\/wp\/v2\/pages\/330\/revisions"}],"predecessor-version":[{"id":460,"href":"https:\/\/mpc-iso.com\/content\/wp-json\/wp\/v2\/pages\/330\/revisions\/460"}],"wp:attachment":[{"href":"https:\/\/mpc-iso.com\/content\/wp-json\/wp\/v2\/media?parent=330"}],"curies":[{"name":"wp","href":"https:\/\/api.w.org\/{rel}","templated":true}]}}