{"id":326,"date":"2024-02-08T15:34:02","date_gmt":"2024-02-08T14:34:02","guid":{"rendered":"https:\/\/mpc-iso.com\/content\/welcome-deutsch\/"},"modified":"2024-05-31T09:42:28","modified_gmt":"2024-05-31T07:42:28","slug":"welcome-deutsch","status":"publish","type":"page","link":"https:\/\/mpc-iso.com\/content\/de\/welcome-deutsch\/","title":{"rendered":"Willkommen"},"content":{"rendered":"\n<section id=\"gmc5f1278\" class=\"wp-block-gutentor-m5 section-gmc5f1278 gutentor-module gutentor-module-slider gutentor-slick-a-default-desktop gutentor-module-caption-enabled\"><div class=\"gutentor-module-slider-row\" data-dots=\"false\" data-dotstablet=\"false\" data-dotsmobile=\"false\" data-nextarrow=\"fas fa-angle-right\" data-prevarrow=\"fas fa-angle-left\" data-arrows=\"true\" data-arrowstablet=\"true\" data-arrowsmobile=\"true\" data-fade=\"false\" data-draggable=\"true\" data-infinite=\"false\" data-autoplay=\"false\" data-pauseonfocus=\"true\" data-pauseonhover=\"true\" data-speed=\"300\" data-autoplayspeed=\"300\" data-arrowspositiondesktop=\"gutentor-slick-a-default-desktop\">\n<div id=\"col-gmae1670\" class=\"wp-block-gutentor-m5-col col-gmae1670 gutentor-slider-item\"><div id=\"section-gmae1670\" class=\"section-gmae1670 gutentor-col-wrap has-image-bg has-custom-bg has-gutentor-overlay\"><div class=\"gutentor-slider-caption\"><div class=\"grid-container\">\n<div id=\"section-g92723a\" class=\"wp-block-gutentor-e1 section-g92723a gutentor-element gutentor-element-advanced-text wow slideInDown text-align-center-mobile\" data-wow-animation=\"slideInDown\" data-wow-duration=\"1s\"><div class=\"gutentor-text-wrap\"><h6 class=\"gutentor-text\">40 Jahre Erfahrung <mark style=\"background-color:rgba(0, 0, 0, 0);color:#e11208\" class=\"has-inline-color\">und Know-How<\/mark><\/h6><\/div><\/div>\n\n\n\n<div id=\"section-gf9286d\" class=\"wp-block-gutentor-e1 section-gf9286d gutentor-element gutentor-element-advanced-text wow zoomIn gutentor-adv-text-enabled-width text-align-center-mobile adv-text-c-desktop\" data-wow-animation=\"zoomIn\" data-wow-duration=\"1s\"><div class=\"gutentor-text-wrap\"><h2 class=\"gutentor-text\">Wir unterst\u00fctzen deutsche  Unternehmen beim Einstieg in den US-Markt f\u00fcr Industrieisolierungen<\/h2><\/div><\/div>\n\n\n\n<div id=\"gm99ed34e\" class=\"wp-block-gutentor-m1 section-gm99ed34e gutentor-module gutentor-element-button-group wow slideInUp button-align-center-mobile g-btn-horizontal-d g-btn-horizontal-t g-btn-horizontal-m\" data-wow-animation=\"slideInUp\" data-wow-duration=\"1s\" data-wow-iteration=\"1\"><div class=\"gutentor-element-button-group-wrap\">\n<div id=\"section-g480486\" class=\"wp-block-gutentor-e2 section-g480486 gutentor-element gutentor-element-button gutentor-btn-full-mobile\"><span class=\"gutentor-button-wrap\"><a class=\"gutentor-button gutentor-block-button gutentor-icon-before\" href=\"https:\/\/mpc-iso.com\/content\/de\/ueber-uns\/\"><i class=\"gutentor-button-icon fas fa-users\"><\/i><span>\u00dcBER UNS<\/span><\/a><\/span><\/div>\n\n\n\n<div id=\"section-gdeb268\" class=\"wp-block-gutentor-e2 section-gdeb268 gutentor-element gutentor-element-button gutentor-btn-full-mobile\"><span class=\"gutentor-button-wrap\"><a class=\"gutentor-button gutentor-block-button gutentor-icon-before\" href=\"https:\/\/mpc-iso.com\/content\/de\/leistungen\/\"><i class=\"gutentor-button-icon fas fa-puzzle-piece\"><\/i><span>LEISTUNGEN<\/span><\/a><\/span><\/div>\n<\/div><\/div>\n<\/div><\/div><\/div><\/div>\n<\/div><\/section>\n\n\n\n<section id=\"gm3838b40\" class=\"wp-block-gutentor-m4 section-gm3838b40 gutentor-module gutentor-advanced-columns has-color-bg has-custom-bg\"><div class=\"grid-container\"><div class=\"grid-row\">\n<div id=\"col-gmcc882d\" class=\"wp-block-gutentor-m4-col col-gmcc882d gutentor-single-column  grid-lg-12 grid-md-12 grid-12\"><div id=\"section-gmcc882d\" class=\"section-gmcc882d gutentor-col-wrap\">\n<div id=\"section-g27fa6e\" class=\"wp-block-gutentor-e1 section-g27fa6e gutentor-element gutentor-element-advanced-text gutentor-width-enabled wow rotateIn enable-title-design\" data-wow-animation=\"rotateIn\"><div class=\"gutentor-text-wrap divider-bottom\"><h2 class=\"gutentor-text\">IHR ERFAHRENER PARTNER<\/h2><div class=\"gutentor-separator gutentor-separator-after border-solid\"><\/div><\/div><\/div>\n\n\n\n<div id=\"section-g103ff3\" class=\"wp-block-gutentor-e1 section-g103ff3 gutentor-element gutentor-element-advanced-text\"><div class=\"gutentor-text-wrap\"><p class=\"gutentor-text\">f\u00fcr den erfolgreichen Einstieg deutscher und europ\u00e4ischer Unternehmen in den amerikanischen Markt f\u00fcr Industrieisolierungen<\/p><\/div><\/div>\n<\/div><\/div>\n<\/div><\/div><\/section>\n\n\n\n<section id=\"gm7f1bfc9\" class=\"wp-block-gutentor-m4 section-gm7f1bfc9 gutentor-module gutentor-advanced-columns has-image-bg has-custom-bg has-gutentor-overlay\"><div class=\"grid-container\"><div class=\"grid-row\">\n<div id=\"col-gma77abd\" class=\"wp-block-gutentor-m4-col col-gma77abd gutentor-single-column  grid-lg-7 grid-md-12 grid-12\"><div id=\"section-gma77abd\" class=\"section-gma77abd gutentor-col-wrap\">\n<div id=\"section-g9b2444\" class=\"wp-block-gutentor-e1 section-g9b2444 gutentor-element gutentor-element-advanced-text gutentor-width-enabled wow slideInDown enable-title-design\" data-wow-animation=\"slideInDown\"><div class=\"gutentor-text-wrap divider-bottom\"><h2 class=\"gutentor-text\">Wir \u00fcber uns<\/h2><div class=\"gutentor-separator gutentor-separator-after border-solid\"><\/div><\/div><\/div>\n\n\n\n<div id=\"section-g5123d9\" class=\"wp-block-gutentor-e0 section-g5123d9 gutentor-element gutentor-element-advanced-text\"><div class=\"gutentor-text-wrap\"><p class=\"gutentor-text\">MPC iso ist ein Beratungsunternehmen, das sich darauf spezialisiert hat, den Einstieg und die Etablierung deutscher Industrie-Isolierer auf dem US-amerikanischen Markt zu erleichtern.<\/p><\/div><\/div>\n\n\n\n<div id=\"section-g2080e9\" class=\"wp-block-gutentor-e1 section-g2080e9 gutentor-element gutentor-element-advanced-text\"><div class=\"gutentor-text-wrap\"><h3 class=\"gutentor-text\">Die MPC iso GmbH Deutschland ist seit \u00fcber 35 Jahren im Bereich der industriellen Isolierung (Hitze-, K\u00e4lte- und Schallschutz) t\u00e4tig.<\/h3><\/div><\/div>\n\n\n\n<div id=\"section-gdba044\" class=\"wp-block-gutentor-e1 section-gdba044 gutentor-element gutentor-element-advanced-text\"><div class=\"gutentor-text-wrap\"><p class=\"gutentor-text\">Unser Ziel ist es, unsere Kunden mit dem Wissen und den Verbindungen, die wir bereits aufgebaut haben, zu unterst\u00fctzen und gemeinsam Strategien zu entwickeln, die diese Unternehmen f\u00fcr einen erfolgreichen Einstieg in den US-amerikanischen Industrieisolierungssektor ben\u00f6tigen.<\/p><\/div><\/div>\n<\/div><\/div>\n\n\n\n<div id=\"col-gm713cd2\" class=\"wp-block-gutentor-m4-col col-gm713cd2 gutentor-single-column  grid-lg-5 grid-md-12 grid-12 wow slideInRight\" data-wow-animation=\"slideInRight\" data-wow-iteration=\"1\"><div id=\"section-gm713cd2\" class=\"section-gm713cd2 gutentor-col-wrap has-color-bg has-custom-bg\">\n<div id=\"section-ga2dc98\" class=\"wp-block-gutentor-e1 section-ga2dc98 gutentor-element gutentor-element-advanced-text\"><div class=\"gutentor-text-wrap\"><h3 class=\"gutentor-text\">MPC iso USA, Inc. <\/h3><\/div><\/div>\n\n\n\n<div id=\"section-g2670ba\" class=\"wp-block-gutentor-e1 section-g2670ba gutentor-element gutentor-element-advanced-text\"><div class=\"gutentor-text-wrap\"><p class=\"gutentor-text\">Mit fast 40 Jahren Erfahrung in der industriellen Isolierung in \u00fcber 33 L\u00e4ndern, darunter den Vereinigten Staaten von Amerika, gr\u00fcndete Markus Pfeiffer bereits 2012 eine Tochtergesellschaft, die heutige MPC iso USA, Inc. <\/p><\/div><\/div>\n<\/div><\/div>\n<\/div><\/div><\/section>\n","protected":false},"excerpt":{"rendered":"","protected":false},"author":1,"featured_media":0,"parent":0,"menu_order":0,"comment_status":"closed","ping_status":"closed","template":"template-gutentor-full-width.php","meta":{"footnotes":""},"class_list":["post-326","page","type-page","status-publish","hentry"],"_links":{"self":[{"href":"https:\/\/mpc-iso.com\/content\/wp-json\/wp\/v2\/pages\/326","targetHints":{"allow":["GET"]}}],"collection":[{"href":"https:\/\/mpc-iso.com\/content\/wp-json\/wp\/v2\/pages"}],"about":[{"href":"https:\/\/mpc-iso.com\/content\/wp-json\/wp\/v2\/types\/page"}],"author":[{"embeddable":true,"href":"https:\/\/mpc-iso.com\/content\/wp-json\/wp\/v2\/users\/1"}],"replies":[{"embeddable":true,"href":"https:\/\/mpc-iso.com\/content\/wp-json\/wp\/v2\/comments?post=326"}],"version-history":[{"count":10,"href":"https:\/\/mpc-iso.com\/content\/wp-json\/wp\/v2\/pages\/326\/revisions"}],"predecessor-version":[{"id":492,"href":"https:\/\/mpc-iso.com\/content\/wp-json\/wp\/v2\/pages\/326\/revisions\/492"}],"wp:attachment":[{"href":"https:\/\/mpc-iso.com\/content\/wp-json\/wp\/v2\/media?parent=326"}],"curies":[{"name":"wp","href":"https:\/\/api.w.org\/{rel}","templated":true}]}}